{"id":6,"date":"2026-04-13T18:42:44","date_gmt":"2026-04-13T18:42:44","guid":{"rendered":"https:\/\/davidskitchen.hu\/?page_id=6"},"modified":"2026-05-06T06:40:16","modified_gmt":"2026-05-06T06:40:16","slug":"home","status":"publish","type":"page","link":"https:\/\/davidskitchen.hu\/hu\/","title":{"rendered":"F\u0151oldal"},"content":{"rendered":"<div data-elementor-type=\"wp-post\" data-elementor-id=\"6\" class=\"elementor elementor-6\" data-elementor-post-type=\"page\">\n\t\t\t\t<div class=\"elementor-element elementor-element-f45a4c4 e-flex e-con-boxed e-con e-parent\" data-id=\"f45a4c4\" data-element_type=\"container\" data-e-type=\"container\" data-settings=\"{&quot;background_background&quot;:&quot;classic&quot;}\">\n\t\t\t\t\t<div class=\"e-con-inner\">\n\t\t\t\t<div class=\"elementor-element elementor-element-049b64b elementor-hidden-mobile elementor-widget elementor-widget-image\" data-id=\"049b64b\" data-element_type=\"widget\" data-e-type=\"widget\" data-widget_type=\"image.default\">\n\t\t\t\t\t\t\t\t\t\t\t\t\t\t\t<img fetchpriority=\"high\" decoding=\"async\" width=\"1200\" height=\"438\" src=\"https:\/\/davidskitchen.hu\/wp-content\/uploads\/2026\/04\/logow.avif\" class=\"attachment-full size-full wp-image-781\" alt=\"\" srcset=\"https:\/\/davidskitchen.hu\/wp-content\/uploads\/2026\/04\/logow.avif 1200w, https:\/\/davidskitchen.hu\/wp-content\/uploads\/2026\/04\/logow-300x110.avif 300w, https:\/\/davidskitchen.hu\/wp-content\/uploads\/2026\/04\/logow-1024x374.avif 1024w, https:\/\/davidskitchen.hu\/wp-content\/uploads\/2026\/04\/logow-768x280.avif 768w\" sizes=\"(max-width: 1200px) 100vw, 1200px\" \/>\t\t\t\t\t\t\t\t\t\t\t\t\t\t\t<\/div>\n\t\t\t\t\t<\/div>\n\t\t\t\t<\/div>\n\t\t<div class=\"elementor-element elementor-element-97ddd66 e-con-full e-flex e-con e-parent\" data-id=\"97ddd66\" data-element_type=\"container\" data-e-type=\"container\" id=\"our-story\">\n\t\t<div class=\"elementor-element elementor-element-4baa7b0 e-con-full elementor-hidden-desktop elementor-hidden-tablet e-flex e-con e-child\" data-id=\"4baa7b0\" data-element_type=\"container\" data-e-type=\"container\" data-settings=\"{&quot;background_background&quot;:&quot;classic&quot;}\">\n\t\t\t\t<div class=\"elementor-element elementor-element-ab0ebbd elementor-widget__width-initial elementor-widget-mobile__width-inherit elementor-widget elementor-widget-text-editor\" data-id=\"ab0ebbd\" data-element_type=\"widget\" data-e-type=\"widget\" data-widget_type=\"text-editor.default\">\n\t\t\t\t\t\t\t\t\t<p>\u00dcdv\u00f6zl\u00fcnk a David\u2019s Kitchen Brunch \u00e9s K\u00e9zm\u0171ves P\u00e9ks\u00e9gben, amely Budapest ny\u00fczsg\u0151 zsid\u00f3 negyed\u00e9ben tal\u00e1lhat\u00f3. K\u00f6zel k\u00e9t \u00e9vtizedes fine dining tapasztalattal az \u00e1lmomat val\u00f3ra v\u00e1ltottam \u2013 kov\u00e1szos kenyereket, \u00ednycsikland\u00f3 brunch fog\u00e1sokat \u00e9s egy dinamikus, mediterr\u00e1n ihlet\u00e9s\u0171 men\u00fct alkotva. A Klauz\u00e1l t\u00e9r sz\u00edv\u00e9ben egy laza, m\u00e9gis min\u0151s\u00e9gi \u00e9lm\u00e9nyt k\u00edn\u00e1lunk, ahol az apr\u00f3 r\u00e9szletek \u00e9s az id\u0151t\u00e1ll\u00f3 diz\u00e1jn tal\u00e1lkoznak a kiv\u00e9teles \u00edzekkel. Csatlakozz hozz\u00e1nk egy kis \u00f6r\u00f6mre, mik\u00f6zben tov\u00e1bbra is megosztjuk veled az \u00e9telek ir\u00e1nti szeretet\u00fcnket.<\/p>\t\t\t\t\t\t\t\t<\/div>\n\t\t\t\t<\/div>\n\t\t<div class=\"elementor-element elementor-element-4c2cc1d e-con-full e-flex e-con e-child\" data-id=\"4c2cc1d\" data-element_type=\"container\" data-e-type=\"container\" data-settings=\"{&quot;background_background&quot;:&quot;classic&quot;}\">\n\t\t\t\t<div class=\"elementor-element elementor-element-344d334 elementor-widget__width-initial elementor-hidden-mobile elementor-widget elementor-widget-text-editor\" data-id=\"344d334\" data-element_type=\"widget\" data-e-type=\"widget\" data-widget_type=\"text-editor.default\">\n\t\t\t\t\t\t\t\t\t<p>\u00dcdv\u00f6zl\u00fcnk a David\u2019s Kitchen Brunch \u00e9s K\u00e9zm\u0171ves P\u00e9ks\u00e9gben, amely Budapest ny\u00fczsg\u0151 zsid\u00f3 negyed\u00e9ben tal\u00e1lhat\u00f3. K\u00f6zel k\u00e9t \u00e9vtizedes fine dining tapasztalattal az \u00e1lmomat val\u00f3ra v\u00e1ltottam \u2013 kov\u00e1szos kenyereket, \u00ednycsikland\u00f3 brunch fog\u00e1sokat \u00e9s egy dinamikus, mediterr\u00e1n ihlet\u00e9s\u0171 men\u00fct alkotva. A Klauz\u00e1l t\u00e9r sz\u00edv\u00e9ben egy laza, m\u00e9gis min\u0151s\u00e9gi \u00e9lm\u00e9nyt k\u00edn\u00e1lunk, ahol az apr\u00f3 r\u00e9szletek \u00e9s az id\u0151t\u00e1ll\u00f3 diz\u00e1jn tal\u00e1lkoznak a kiv\u00e9teles \u00edzekkel. Csatlakozz hozz\u00e1nk egy kis \u00f6r\u00f6mre, mik\u00f6zben tov\u00e1bbra is megosztjuk veled az \u00e9telek ir\u00e1nti szeretet\u00fcnket.<\/p>\t\t\t\t\t\t\t\t<\/div>\n\t\t\t\t<\/div>\n\t\t\t\t<\/div>\n\t\t<div class=\"elementor-element elementor-element-9dfb10f elementor-hidden-desktop elementor-hidden-tablet e-flex e-con-boxed e-con e-parent\" data-id=\"9dfb10f\" data-element_type=\"container\" data-e-type=\"container\" data-settings=\"{&quot;background_background&quot;:&quot;classic&quot;}\">\n\t\t\t\t\t<div class=\"e-con-inner\">\n\t\t\t\t<div class=\"elementor-element elementor-element-a6bc696 elementor-widget__width-initial elementor-widget-mobile__width-inherit elementor-widget elementor-widget-text-editor\" data-id=\"a6bc696\" data-element_type=\"widget\" data-e-type=\"widget\" data-widget_type=\"text-editor.default\">\n\t\t\t\t\t\t\t\t\t<p>MINDEN KENYER\u00dcNK KOV\u00c1SSZAL K\u00c9SZ\u00dcL<img decoding=\"async\" style=\"width: 10%; max-width: 25px;\" src=\"https:\/\/davidskitchen.hu\/wp-content\/uploads\/2026\/05\/flexing-arm-white.png\" \/>. A BRUNCH KAJ\u00c1INK EG\u00c9SZ NAP EL\u00c9RHET\u0150K, LAKTAT\u00d3K, EG\u00c9SZS\u00c9GESEK, \u00c9S SZEZON SZERINT V\u00c1LTOZNAK. LESS R\u00c1 A VITRINRE, TELE VAN MINDENF\u00c9LE \u00c9DESS\u00c9GGEL \u2013 FRANCIA, AMERIKAI \u00c9S K\u00d6ZEL-KELETI \u00cdZEK J\u00d3 KIS KEVER\u00c9KE, K\u00dcL\u00d6NB\u00d6Z\u0150 TEXT\u00daR\u00c1KKAL.<\/p>\t\t\t\t\t\t\t\t<\/div>\n\t\t\t\t<div class=\"elementor-element elementor-element-3b8127c elementor-align-center elementor-widget elementor-widget-button\" data-id=\"3b8127c\" data-element_type=\"widget\" data-e-type=\"widget\" data-widget_type=\"button.default\">\n\t\t\t\t\t\t\t\t\t\t<a class=\"elementor-button elementor-button-link elementor-size-sm\" href=\"https:\/\/davidskitchen.hu\/hu\/menu\/\">\n\t\t\t\t\t\t<span class=\"elementor-button-content-wrapper\">\n\t\t\t\t\t\t\t\t\t<span class=\"elementor-button-text\">\u00c9TLAP<\/span>\n\t\t\t\t\t<\/span>\n\t\t\t\t\t<\/a>\n\t\t\t\t\t\t\t\t<\/div>\n\t\t\t\t\t<\/div>\n\t\t\t\t<\/div>\n\t\t<div class=\"elementor-element elementor-element-9d5e435 e-flex e-con-boxed e-con e-parent\" data-id=\"9d5e435\" data-element_type=\"container\" data-e-type=\"container\" data-settings=\"{&quot;background_background&quot;:&quot;classic&quot;}\">\n\t\t\t\t\t<div class=\"e-con-inner\">\n\t\t<div class=\"elementor-element elementor-element-38d5790 e-con-full elementor-hidden-mobile e-flex e-con e-child\" data-id=\"38d5790\" data-element_type=\"container\" data-e-type=\"container\">\n\t\t\t\t<div class=\"elementor-element elementor-element-8b9750c elementor-widget__width-initial elementor-widget-mobile__width-inherit elementor-widget elementor-widget-text-editor\" data-id=\"8b9750c\" data-element_type=\"widget\" data-e-type=\"widget\" data-widget_type=\"text-editor.default\">\n\t\t\t\t\t\t\t\t\tMINDEN KENYER\u00dcNK KOV\u00c1SSZAL K\u00c9SZ\u00dcL<img decoding=\"async\" style=\"width: 10%; max-width: 25px;\" src=\"https:\/\/davidskitchen.hu\/wp-content\/uploads\/2026\/05\/flexing-arm-white.png\" \/>. A BRUNCH KAJ\u00c1INK EG\u00c9SZ NAP EL\u00c9RHET\u0150K, LAKTAT\u00d3K, EG\u00c9SZS\u00c9GESEK, \u00c9S SZEZON SZERINT V\u00c1LTOZNAK. LESS R\u00c1 A VITRINRE, TELE VAN MINDENF\u00c9LE \u00c9DESS\u00c9GGEL \u2013 FRANCIA, AMERIKAI \u00c9S K\u00d6ZEL-KELETI \u00cdZEK J\u00d3 KIS KEVER\u00c9KE, K\u00dcL\u00d6NB\u00d6Z\u0150 TEXT\u00daR\u00c1KKAL.\t\t\t\t\t\t\t\t<\/div>\n\t\t\t\t<div class=\"elementor-element elementor-element-95b5f56 elementor-align-center elementor-widget elementor-widget-button\" data-id=\"95b5f56\" data-element_type=\"widget\" data-e-type=\"widget\" data-widget_type=\"button.default\">\n\t\t\t\t\t\t\t\t\t\t<a class=\"elementor-button elementor-button-link elementor-size-sm\" href=\"https:\/\/davidskitchen.hu\/hu\/menu\/\">\n\t\t\t\t\t\t<span class=\"elementor-button-content-wrapper\">\n\t\t\t\t\t\t\t\t\t<span class=\"elementor-button-text\">\u00c9TLAP<\/span>\n\t\t\t\t\t<\/span>\n\t\t\t\t\t<\/a>\n\t\t\t\t\t\t\t\t<\/div>\n\t\t\t\t<\/div>\n\t\t\t\t\t<\/div>\n\t\t\t\t<\/div>\n\t\t<div class=\"elementor-element elementor-element-33f4abc e-con-full e-flex e-con e-parent\" data-id=\"33f4abc\" data-element_type=\"container\" data-e-type=\"container\" id=\"picnic\">\n\t\t<div class=\"elementor-element elementor-element-189ba0b e-con-full elementor-hidden-desktop elementor-hidden-tablet e-flex e-con e-child\" data-id=\"189ba0b\" data-element_type=\"container\" data-e-type=\"container\" data-settings=\"{&quot;background_background&quot;:&quot;classic&quot;}\">\n\t\t\t\t<div class=\"elementor-element elementor-element-b4ad44f elementor-widget__width-initial elementor-widget-mobile__width-inherit elementor-widget elementor-widget-text-editor\" data-id=\"b4ad44f\" data-element_type=\"widget\" data-e-type=\"widget\" data-widget_type=\"text-editor.default\">\n\t\t\t\t\t\t\t\t\t<p>\u00c9LD \u00c1T BUDAPESTET EGY \u00daJ M\u00d3DON A DAVID\u2019S KITCHENNEL. GONDOSAN \u00d6SSZE\u00c1LL\u00cdTOTT PIKNIK CSOMAGUNK LEHET\u0150V\u00c9 TESZI, HOGY FELFEDEZD A V\u00c1ROS GY\u00d6NY\u00d6R\u0170 PARKJAIT, MIK\u00d6ZBEN EGY FINOM, EL\u0150RE ELK\u00c9SZ\u00cdTETT CSOMAGOT \u00c9LVEZEL \u2013 T\u00d6K\u00c9LETES EGY LAZA NY\u00c1RI KIRUCCAN\u00c1SHOZ.<\/p>\t\t\t\t\t\t\t\t<\/div>\n\t\t<div class=\"elementor-element elementor-element-5cb9372 e-con-full e-flex e-con e-child\" data-id=\"5cb9372\" data-element_type=\"container\" data-e-type=\"container\">\n\t\t\t\t<div class=\"elementor-element elementor-element-7d54e9e elementor-mobile-align-center elementor-widget elementor-widget-button\" data-id=\"7d54e9e\" data-element_type=\"widget\" data-e-type=\"widget\" data-widget_type=\"button.default\">\n\t\t\t\t\t\t\t\t\t\t<a class=\"elementor-button elementor-button-link elementor-size-sm\" href=\"https:\/\/shop.davidskitchen.hu\/en\/pages\/picnic-experience\" target=\"_blank\">\n\t\t\t\t\t\t<span class=\"elementor-button-content-wrapper\">\n\t\t\t\t\t\t\t\t\t<span class=\"elementor-button-text\">Piknikezz vel\u00fcnk<\/span>\n\t\t\t\t\t<\/span>\n\t\t\t\t\t<\/a>\n\t\t\t\t\t\t\t\t<\/div>\n\t\t\t\t<\/div>\n\t\t\t\t<\/div>\n\t\t<div class=\"elementor-element elementor-element-01b1926 e-con-full e-flex e-con e-child\" data-id=\"01b1926\" data-element_type=\"container\" data-e-type=\"container\" data-settings=\"{&quot;background_background&quot;:&quot;classic&quot;}\">\n\t\t<div class=\"elementor-element elementor-element-0749611 e-con-full e-flex e-con e-child\" data-id=\"0749611\" data-element_type=\"container\" data-e-type=\"container\">\n\t\t\t\t<div class=\"elementor-element elementor-element-cb2466e elementor-widget__width-initial elementor-widget-mobile__width-inherit elementor-hidden-mobile elementor-widget elementor-widget-text-editor\" data-id=\"cb2466e\" data-element_type=\"widget\" data-e-type=\"widget\" data-widget_type=\"text-editor.default\">\n\t\t\t\t\t\t\t\t\t<p>\u00c9LD \u00c1T BUDAPESTET EGY \u00daJ M\u00d3DON A DAVID\u2019S KITCHENNEL. GONDOSAN \u00d6SSZE\u00c1LL\u00cdTOTT PIKNIK CSOMAGUNK LEHET\u0150V\u00c9 TESZI, HOGY FELFEDEZD A V\u00c1ROS GY\u00d6NY\u00d6R\u0170 PARKJAIT, MIK\u00d6ZBEN EGY FINOM, EL\u0150RE ELK\u00c9SZ\u00cdTETT CSOMAGOT \u00c9LVEZEL \u2013 T\u00d6K\u00c9LETES EGY LAZA NY\u00c1RI KIRUCCAN\u00c1SHOZ.<\/p>\t\t\t\t\t\t\t\t<\/div>\n\t\t\t\t<\/div>\n\t\t<div class=\"elementor-element elementor-element-588d871 e-con-full e-flex e-con e-child\" data-id=\"588d871\" data-element_type=\"container\" data-e-type=\"container\">\n\t\t\t\t<div class=\"elementor-element elementor-element-98137f6 elementor-mobile-align-center elementor-hidden-mobile elementor-widget elementor-widget-button\" data-id=\"98137f6\" data-element_type=\"widget\" data-e-type=\"widget\" data-widget_type=\"button.default\">\n\t\t\t\t\t\t\t\t\t\t<a class=\"elementor-button elementor-button-link elementor-size-sm\" href=\"https:\/\/shop.davidskitchen.hu\/en\/pages\/picnic-experience\" target=\"_blank\">\n\t\t\t\t\t\t<span class=\"elementor-button-content-wrapper\">\n\t\t\t\t\t\t\t\t\t<span class=\"elementor-button-text\">Piknikezz vel\u00fcnk<\/span>\n\t\t\t\t\t<\/span>\n\t\t\t\t\t<\/a>\n\t\t\t\t\t\t\t\t<\/div>\n\t\t\t\t<\/div>\n\t\t\t\t<\/div>\n\t\t\t\t<\/div>\n\t\t<div class=\"elementor-element elementor-element-ebbbe52 e-con-full e-flex e-con e-parent\" data-id=\"ebbbe52\" data-element_type=\"container\" data-e-type=\"container\" id=\"deli\">\n\t\t<div class=\"elementor-element elementor-element-fa90a93 e-con-full elementor-hidden-desktop elementor-hidden-tablet e-flex e-con e-child\" data-id=\"fa90a93\" data-element_type=\"container\" data-e-type=\"container\" data-settings=\"{&quot;background_background&quot;:&quot;classic&quot;}\">\n\t\t\t\t<div class=\"elementor-element elementor-element-9d1a3d0 elementor-widget__width-initial elementor-widget-mobile__width-inherit elementor-widget elementor-widget-text-editor\" data-id=\"9d1a3d0\" data-element_type=\"widget\" data-e-type=\"widget\" data-widget_type=\"text-editor.default\">\n\t\t\t\t\t\t\t\t\t<p>FEDEZD FEL A DAVID\u2019S KITCHEN DELI K\u00cdN\u00c1LAT\u00c1T, AMELY TELE VAN \u00cdZLETES LEHET\u0150S\u00c9GEKKEL, HOGY OTTHON IS KIV\u00c1L\u00d3 \u00c9TKEZ\u00c9ST K\u00c9SZ\u00cdTHESS, VAGY N\u00c1LUNK \u00c9LVEZHESD EGY K\u00d6NNYED REGGELI VAGY EB\u00c9D SOR\u00c1N. FEDEZD FEL A MEDITERR\u00c1N MEZZ\u00c9KET, SZENDVICSEKET, GRANOL\u00c1T \u00c9S M\u00c9G SOK M\u00c1ST!<\/p>\t\t\t\t\t\t\t\t<\/div>\n\t\t\t\t<div class=\"elementor-element elementor-element-3b4afa8 elementor-widget elementor-widget-button\" data-id=\"3b4afa8\" data-element_type=\"widget\" data-e-type=\"widget\" data-widget_type=\"button.default\">\n\t\t\t\t\t\t\t\t\t\t<a class=\"elementor-button elementor-button-link elementor-size-sm\" href=\"https:\/\/shop.davidskitchen.hu\/en\/collections\/mezze\" target=\"_blank\">\n\t\t\t\t\t\t<span class=\"elementor-button-content-wrapper\">\n\t\t\t\t\t\t\t\t\t<span class=\"elementor-button-text\">Deli v\u00e1s\u00e1rl\u00e1s<\/span>\n\t\t\t\t\t<\/span>\n\t\t\t\t\t<\/a>\n\t\t\t\t\t\t\t\t<\/div>\n\t\t\t\t<\/div>\n\t\t<div class=\"elementor-element elementor-element-6a9db81 e-con-full e-flex e-con e-child\" data-id=\"6a9db81\" data-element_type=\"container\" data-e-type=\"container\" data-settings=\"{&quot;background_background&quot;:&quot;classic&quot;}\">\n\t\t\t\t<div class=\"elementor-element elementor-element-0a1269e elementor-widget__width-initial elementor-widget-mobile__width-inherit elementor-hidden-mobile elementor-widget elementor-widget-text-editor\" data-id=\"0a1269e\" data-element_type=\"widget\" data-e-type=\"widget\" data-widget_type=\"text-editor.default\">\n\t\t\t\t\t\t\t\t\t<p>FEDEZD FEL A DAVID\u2019S KITCHEN DELI K\u00cdN\u00c1LAT\u00c1T, AMELY TELE VAN \u00cdZLETES LEHET\u0150S\u00c9GEKKEL, HOGY OTTHON IS KIV\u00c1L\u00d3 \u00c9TKEZ\u00c9ST K\u00c9SZ\u00cdTHESS, VAGY N\u00c1LUNK \u00c9LVEZHESD EGY K\u00d6NNYED REGGELI VAGY EB\u00c9D SOR\u00c1N. FEDEZD FEL A MEDITERR\u00c1N MEZZ\u00c9KET, SZENDVICSEKET, GRANOL\u00c1T \u00c9S M\u00c9G SOK M\u00c1ST!<\/p>\t\t\t\t\t\t\t\t<\/div>\n\t\t\t\t<div class=\"elementor-element elementor-element-fb04f76 elementor-hidden-mobile elementor-widget elementor-widget-button\" data-id=\"fb04f76\" data-element_type=\"widget\" data-e-type=\"widget\" data-widget_type=\"button.default\">\n\t\t\t\t\t\t\t\t\t\t<a class=\"elementor-button elementor-button-link elementor-size-sm\" href=\"https:\/\/shop.davidskitchen.hu\/en\/collections\/mezze\" target=\"_blank\">\n\t\t\t\t\t\t<span class=\"elementor-button-content-wrapper\">\n\t\t\t\t\t\t\t\t\t<span class=\"elementor-button-text\">Deli v\u00e1s\u00e1rl\u00e1s<\/span>\n\t\t\t\t\t<\/span>\n\t\t\t\t\t<\/a>\n\t\t\t\t\t\t\t\t<\/div>\n\t\t\t\t<\/div>\n\t\t\t\t<\/div>\n\t\t\t\t<\/div>","protected":false},"excerpt":{"rendered":"<p>Welcome to David\u2019s Kitchen Brunch and Artisanal Bakery, nestled in Budapest\u2019s vibrant Jewish Quarter. With almost two decades of fine dining experience, I&#8217;ve transformed my dream into reality \u2013 crafting sourdough breads, delectable brunch, and a dynamic menu inspired by the Mediterranean. In the heart of Klauz\u00e1l Square, we bring you a casual yet quality [&hellip;]<\/p>\n","protected":false},"author":2,"featured_media":0,"parent":0,"menu_order":0,"comment_status":"closed","ping_status":"closed","template":"elementor_header_footer","meta":{"footnotes":""},"class_list":["post-6","page","type-page","status-publish","hentry"],"_links":{"self":[{"href":"https:\/\/davidskitchen.hu\/hu\/wp-json\/wp\/v2\/pages\/6","targetHints":{"allow":["GET"]}}],"collection":[{"href":"https:\/\/davidskitchen.hu\/hu\/wp-json\/wp\/v2\/pages"}],"about":[{"href":"https:\/\/davidskitchen.hu\/hu\/wp-json\/wp\/v2\/types\/page"}],"author":[{"embeddable":true,"href":"https:\/\/davidskitchen.hu\/hu\/wp-json\/wp\/v2\/users\/2"}],"replies":[{"embeddable":true,"href":"https:\/\/davidskitchen.hu\/hu\/wp-json\/wp\/v2\/comments?post=6"}],"version-history":[{"count":3,"href":"https:\/\/davidskitchen.hu\/hu\/wp-json\/wp\/v2\/pages\/6\/revisions"}],"predecessor-version":[{"id":1946,"href":"https:\/\/davidskitchen.hu\/hu\/wp-json\/wp\/v2\/pages\/6\/revisions\/1946"}],"wp:attachment":[{"href":"https:\/\/davidskitchen.hu\/hu\/wp-json\/wp\/v2\/media?parent=6"}],"curies":[{"name":"wp","href":"https:\/\/api.w.org\/{rel}","templated":true}]}}