{"id":2078,"date":"2026-05-09T15:15:15","date_gmt":"2026-05-09T15:15:15","guid":{"rendered":"https:\/\/davidskitchen.hu\/?page_id=2078"},"modified":"2026-05-09T16:49:09","modified_gmt":"2026-05-09T16:49:09","slug":"table-links-hun","status":"publish","type":"page","link":"https:\/\/davidskitchen.hu\/hu\/table-links-hun\/","title":{"rendered":"Table Links Hun"},"content":{"rendered":"<div data-elementor-type=\"wp-page\" data-elementor-id=\"2078\" class=\"elementor elementor-2078\" data-elementor-post-type=\"page\">\n\t\t\t\t<div class=\"elementor-element elementor-element-370641f e-flex e-con-boxed e-con e-parent\" data-id=\"370641f\" data-element_type=\"container\" data-e-type=\"container\">\n\t\t\t\t\t<div class=\"e-con-inner\">\n\t\t<div class=\"elementor-element elementor-element-b9d8995 e-con-full e-flex e-con e-child\" data-id=\"b9d8995\" data-element_type=\"container\" data-e-type=\"container\">\n\t\t\t\t<div class=\"elementor-element elementor-element-d20b523 elementor-align-right elementor-widget elementor-widget-button\" data-id=\"d20b523\" data-element_type=\"widget\" data-e-type=\"widget\" data-widget_type=\"button.default\">\n\t\t\t\t\t\t\t\t\t\t<a class=\"elementor-button elementor-button-link elementor-size-sm\" href=\"https:\/\/davidskitchen.hu\/hu\/table-links\/\">\n\t\t\t\t\t\t<span class=\"elementor-button-content-wrapper\">\n\t\t\t\t\t\t\t\t\t<span class=\"elementor-button-text\">EN<\/span>\n\t\t\t\t\t<\/span>\n\t\t\t\t\t<\/a>\n\t\t\t\t\t\t\t\t<\/div>\n\t\t\t\t<\/div>\n\t\t<div class=\"elementor-element elementor-element-d169756 e-con-full e-flex e-con e-child\" data-id=\"d169756\" data-element_type=\"container\" data-e-type=\"container\" data-settings=\"{&quot;background_background&quot;:&quot;classic&quot;}\">\n\t\t\t\t<div class=\"elementor-element elementor-element-f467e2a elementor-widget elementor-widget-heading\" data-id=\"f467e2a\" data-element_type=\"widget\" data-e-type=\"widget\" data-widget_type=\"heading.default\">\n\t\t\t\t\t<h2 class=\"elementor-heading-title elementor-size-default\">A RENDEL\u00c9ST BENT LEHET LEADNI<\/h2>\t\t\t\t<\/div>\n\t\t\t\t<div class=\"elementor-element elementor-element-43046df elementor-align-justify elementor-widget elementor-widget-button\" data-id=\"43046df\" data-element_type=\"widget\" data-e-type=\"widget\" data-widget_type=\"button.default\">\n\t\t\t\t\t\t\t\t\t\t<a class=\"elementor-button elementor-button-link elementor-size-sm\" href=\"https:\/\/davidskitchen.hu\/hu\/menu-h\/\">\n\t\t\t\t\t\t<span class=\"elementor-button-content-wrapper\">\n\t\t\t\t\t\t\t\t\t<span class=\"elementor-button-text\">\u00c9TLAP<\/span>\n\t\t\t\t\t<\/span>\n\t\t\t\t\t<\/a>\n\t\t\t\t\t\t\t\t<\/div>\n\t\t\t\t<div class=\"elementor-element elementor-element-56b6f69 elementor-align-justify elementor-widget elementor-widget-button\" data-id=\"56b6f69\" data-element_type=\"widget\" data-e-type=\"widget\" data-widget_type=\"button.default\">\n\t\t\t\t\t\t\t\t\t\t<a class=\"elementor-button elementor-button-link elementor-size-sm\" href=\"https:\/\/g.page\/r\/CRicMGEmSfanEBM\/review\" target=\"_blank\">\n\t\t\t\t\t\t<span class=\"elementor-button-content-wrapper\">\n\t\t\t\t\t\t\t\t\t<span class=\"elementor-button-text\">\u00c9RT\u00c9KELJ MINKET \ud83d\ude00<\/span>\n\t\t\t\t\t<\/span>\n\t\t\t\t\t<\/a>\n\t\t\t\t\t\t\t\t<\/div>\n\t\t\t\t<div class=\"elementor-element elementor-element-566743e elementor-widget-mobile__width-initial elementor-widget elementor-widget-heading\" data-id=\"566743e\" data-element_type=\"widget\" data-e-type=\"widget\" data-widget_type=\"heading.default\">\n\t\t\t\t\t<h2 class=\"elementor-heading-title elementor-size-default\">TETSZETT? SZ\u00cdVESEN HALLAN\u00c1NK R\u00d3LA!<\/h2>\t\t\t\t<\/div>\n\t\t\t\t<div class=\"elementor-element elementor-element-dde3e3c elementor-absolute elementor-widget elementor-widget-image\" data-id=\"dde3e3c\" data-element_type=\"widget\" data-e-type=\"widget\" data-settings=\"{&quot;_position&quot;:&quot;absolute&quot;}\" data-widget_type=\"image.default\">\n\t\t\t\t\t\t\t\t\t\t\t\t\t\t\t<img decoding=\"async\" width=\"218\" height=\"188\" src=\"https:\/\/davidskitchen.hu\/wp-content\/uploads\/2026\/04\/866323_da96b9ec3c2e4ffa939edb556d5bd98dmv2.avif\" class=\"attachment-full size-full wp-image-250\" alt=\"\" \/>\t\t\t\t\t\t\t\t\t\t\t\t\t\t\t<\/div>\n\t\t\t\t<\/div>\n\t\t\t\t\t<\/div>\n\t\t\t\t<\/div>\n\t\t\t\t<\/div>","protected":false},"excerpt":{"rendered":"<p>EN A RENDEL\u00c9ST BENT LEHET LEADNI \u00c9TLAP \u00c9RT\u00c9KELJ MINKET \ud83d\ude00 TETSZETT? SZ\u00cdVESEN HALLAN\u00c1NK R\u00d3LA!<\/p>","protected":false},"author":2,"featured_media":0,"parent":0,"menu_order":0,"comment_status":"closed","ping_status":"closed","template":"elementor_canvas","meta":{"footnotes":""},"class_list":["post-2078","page","type-page","status-publish","hentry"],"_links":{"self":[{"href":"https:\/\/davidskitchen.hu\/hu\/wp-json\/wp\/v2\/pages\/2078","targetHints":{"allow":["GET"]}}],"collection":[{"href":"https:\/\/davidskitchen.hu\/hu\/wp-json\/wp\/v2\/pages"}],"about":[{"href":"https:\/\/davidskitchen.hu\/hu\/wp-json\/wp\/v2\/types\/page"}],"author":[{"embeddable":true,"href":"https:\/\/davidskitchen.hu\/hu\/wp-json\/wp\/v2\/users\/2"}],"replies":[{"embeddable":true,"href":"https:\/\/davidskitchen.hu\/hu\/wp-json\/wp\/v2\/comments?post=2078"}],"version-history":[{"count":9,"href":"https:\/\/davidskitchen.hu\/hu\/wp-json\/wp\/v2\/pages\/2078\/revisions"}],"predecessor-version":[{"id":2098,"href":"https:\/\/davidskitchen.hu\/hu\/wp-json\/wp\/v2\/pages\/2078\/revisions\/2098"}],"wp:attachment":[{"href":"https:\/\/davidskitchen.hu\/hu\/wp-json\/wp\/v2\/media?parent=2078"}],"curies":[{"name":"wp","href":"https:\/\/api.w.org\/{rel}","templated":true}]}}