{"id":1973,"date":"2026-05-06T14:38:37","date_gmt":"2026-05-06T14:38:37","guid":{"rendered":"https:\/\/davidskitchen.hu\/?page_id=1973"},"modified":"2026-05-07T15:56:17","modified_gmt":"2026-05-07T15:56:17","slug":"menu-h","status":"publish","type":"page","link":"https:\/\/davidskitchen.hu\/hu\/menu-h\/","title":{"rendered":"Menu H"},"content":{"rendered":"<div data-elementor-type=\"wp-page\" data-elementor-id=\"1973\" class=\"elementor elementor-1973\" data-elementor-post-type=\"page\">\n\t\t\t\t<div class=\"elementor-element elementor-element-cc9cbed e-flex e-con-boxed e-con e-parent\" data-id=\"cc9cbed\" data-element_type=\"container\" data-e-type=\"container\" data-settings=\"{&quot;background_background&quot;:&quot;classic&quot;}\">\n\t\t\t\t\t<div class=\"e-con-inner\">\n\t\t\t\t<div class=\"elementor-element elementor-element-04da492 elementor-widget elementor-widget-image\" data-id=\"04da492\" data-element_type=\"widget\" data-e-type=\"widget\" data-widget_type=\"image.default\">\n\t\t\t\t\t\t\t\t\t\t\t\t\t\t\t<img fetchpriority=\"high\" decoding=\"async\" width=\"1029\" height=\"533\" src=\"https:\/\/davidskitchen.hu\/wp-content\/uploads\/2026\/05\/Menu.png\" class=\"attachment-full size-full wp-image-1158\" alt=\"\" srcset=\"https:\/\/davidskitchen.hu\/wp-content\/uploads\/2026\/05\/Menu.png 1029w, https:\/\/davidskitchen.hu\/wp-content\/uploads\/2026\/05\/Menu-300x155.png 300w, https:\/\/davidskitchen.hu\/wp-content\/uploads\/2026\/05\/Menu-1024x530.png 1024w, https:\/\/davidskitchen.hu\/wp-content\/uploads\/2026\/05\/Menu-768x398.png 768w, https:\/\/davidskitchen.hu\/wp-content\/uploads\/2026\/05\/Menu-18x9.png 18w\" sizes=\"(max-width: 1029px) 100vw, 1029px\" \/>\t\t\t\t\t\t\t\t\t\t\t\t\t\t\t<\/div>\n\t\t\t\t\t<\/div>\n\t\t\t\t<\/div>\n\t\t<div class=\"elementor-element elementor-element-6e39d98 e-flex e-con-boxed e-con e-parent\" data-id=\"6e39d98\" data-element_type=\"container\" data-e-type=\"container\" data-settings=\"{&quot;background_background&quot;:&quot;classic&quot;}\">\n\t\t\t\t\t<div class=\"e-con-inner\">\n\t\t<div class=\"elementor-element elementor-element-3c382d0 e-con-full e-flex e-con e-child\" data-id=\"3c382d0\" data-element_type=\"container\" data-e-type=\"container\">\n\t\t<div class=\"elementor-element elementor-element-78948bd e-grid e-con-full e-con e-child\" data-id=\"78948bd\" data-element_type=\"container\" data-e-type=\"container\">\n\t\t<div class=\"elementor-element elementor-element-8d1d32b e-con-full e-flex e-con e-child\" data-id=\"8d1d32b\" data-element_type=\"container\" data-e-type=\"container\">\n\t\t<div class=\"elementor-element elementor-element-5b4ad5a e-con-full e-flex e-con e-child\" data-id=\"5b4ad5a\" data-element_type=\"container\" data-e-type=\"container\">\n\t\t\t\t<div class=\"elementor-element elementor-element-2bffd03 elementor-widget elementor-widget-image\" data-id=\"2bffd03\" data-element_type=\"widget\" data-e-type=\"widget\" data-widget_type=\"image.default\">\n\t\t\t\t\t\t\t\t\t\t\t\t\t\t\t<img decoding=\"async\" width=\"1707\" height=\"2560\" src=\"https:\/\/davidskitchen.hu\/wp-content\/uploads\/2026\/04\/1-hun-scaled.webp\" class=\"attachment-full size-full wp-image-1116\" alt=\"\" srcset=\"https:\/\/davidskitchen.hu\/wp-content\/uploads\/2026\/04\/1-hun-scaled.webp 1707w, https:\/\/davidskitchen.hu\/wp-content\/uploads\/2026\/04\/1-hun-200x300.webp 200w, https:\/\/davidskitchen.hu\/wp-content\/uploads\/2026\/04\/1-hun-683x1024.webp 683w, https:\/\/davidskitchen.hu\/wp-content\/uploads\/2026\/04\/1-hun-768x1152.webp 768w, https:\/\/davidskitchen.hu\/wp-content\/uploads\/2026\/04\/1-hun-1024x1536.webp 1024w, https:\/\/davidskitchen.hu\/wp-content\/uploads\/2026\/04\/1-hun-1365x2048.webp 1365w, https:\/\/davidskitchen.hu\/wp-content\/uploads\/2026\/04\/1-hun-8x12.webp 8w\" sizes=\"(max-width: 1707px) 100vw, 1707px\" \/>\t\t\t\t\t\t\t\t\t\t\t\t\t\t\t<\/div>\n\t\t\t\t<\/div>\n\t\t\t\t<\/div>\n\t\t<div class=\"elementor-element elementor-element-6cb5606 e-con-full e-flex e-con e-child\" data-id=\"6cb5606\" data-element_type=\"container\" data-e-type=\"container\">\n\t\t<div class=\"elementor-element elementor-element-526d1e9 e-con-full e-flex e-con e-child\" data-id=\"526d1e9\" data-element_type=\"container\" data-e-type=\"container\">\n\t\t\t\t<div class=\"elementor-element elementor-element-a3f9ae7 elementor-widget elementor-widget-image\" data-id=\"a3f9ae7\" data-element_type=\"widget\" data-e-type=\"widget\" data-widget_type=\"image.default\">\n\t\t\t\t\t\t\t\t\t\t\t\t\t\t\t<img decoding=\"async\" width=\"1707\" height=\"2560\" src=\"https:\/\/davidskitchen.hu\/wp-content\/uploads\/2026\/04\/2-hun-scaled.webp\" class=\"attachment-full size-full wp-image-1118\" alt=\"\" srcset=\"https:\/\/davidskitchen.hu\/wp-content\/uploads\/2026\/04\/2-hun-scaled.webp 1707w, https:\/\/davidskitchen.hu\/wp-content\/uploads\/2026\/04\/2-hun-200x300.webp 200w, https:\/\/davidskitchen.hu\/wp-content\/uploads\/2026\/04\/2-hun-683x1024.webp 683w, https:\/\/davidskitchen.hu\/wp-content\/uploads\/2026\/04\/2-hun-768x1152.webp 768w, https:\/\/davidskitchen.hu\/wp-content\/uploads\/2026\/04\/2-hun-1024x1536.webp 1024w, https:\/\/davidskitchen.hu\/wp-content\/uploads\/2026\/04\/2-hun-1365x2048.webp 1365w, https:\/\/davidskitchen.hu\/wp-content\/uploads\/2026\/04\/2-hun-8x12.webp 8w\" sizes=\"(max-width: 1707px) 100vw, 1707px\" \/>\t\t\t\t\t\t\t\t\t\t\t\t\t\t\t<\/div>\n\t\t\t\t<\/div>\n\t\t\t\t<\/div>\n\t\t<div class=\"elementor-element elementor-element-875e0ae e-con-full e-flex e-con e-child\" data-id=\"875e0ae\" data-element_type=\"container\" data-e-type=\"container\">\n\t\t<div class=\"elementor-element elementor-element-161d6fe e-con-full e-flex e-con e-child\" data-id=\"161d6fe\" data-element_type=\"container\" data-e-type=\"container\">\n\t\t\t\t<div class=\"elementor-element elementor-element-d51e7b8 elementor-widget elementor-widget-image\" data-id=\"d51e7b8\" data-element_type=\"widget\" data-e-type=\"widget\" data-widget_type=\"image.default\">\n\t\t\t\t\t\t\t\t\t\t\t\t\t\t\t<img loading=\"lazy\" decoding=\"async\" width=\"1707\" height=\"2560\" src=\"https:\/\/davidskitchen.hu\/wp-content\/uploads\/2026\/04\/3-hun-scaled.webp\" class=\"attachment-full size-full wp-image-1120\" alt=\"\" srcset=\"https:\/\/davidskitchen.hu\/wp-content\/uploads\/2026\/04\/3-hun-scaled.webp 1707w, https:\/\/davidskitchen.hu\/wp-content\/uploads\/2026\/04\/3-hun-200x300.webp 200w, https:\/\/davidskitchen.hu\/wp-content\/uploads\/2026\/04\/3-hun-683x1024.webp 683w, https:\/\/davidskitchen.hu\/wp-content\/uploads\/2026\/04\/3-hun-768x1152.webp 768w, https:\/\/davidskitchen.hu\/wp-content\/uploads\/2026\/04\/3-hun-1024x1536.webp 1024w, https:\/\/davidskitchen.hu\/wp-content\/uploads\/2026\/04\/3-hun-1365x2048.webp 1365w, https:\/\/davidskitchen.hu\/wp-content\/uploads\/2026\/04\/3-hun-8x12.webp 8w\" sizes=\"(max-width: 1707px) 100vw, 1707px\" \/>\t\t\t\t\t\t\t\t\t\t\t\t\t\t\t<\/div>\n\t\t\t\t<\/div>\n\t\t\t\t<\/div>\n\t\t<div class=\"elementor-element elementor-element-244fe52 e-con-full e-flex e-con e-child\" data-id=\"244fe52\" data-element_type=\"container\" data-e-type=\"container\">\n\t\t<div class=\"elementor-element elementor-element-5b1d0d2 e-con-full e-flex e-con e-child\" data-id=\"5b1d0d2\" data-element_type=\"container\" data-e-type=\"container\">\n\t\t\t\t<div class=\"elementor-element elementor-element-fe3bb47 elementor-widget elementor-widget-image\" data-id=\"fe3bb47\" data-element_type=\"widget\" data-e-type=\"widget\" data-widget_type=\"image.default\">\n\t\t\t\t\t\t\t\t\t\t\t\t\t\t\t<img loading=\"lazy\" decoding=\"async\" width=\"1707\" height=\"2560\" src=\"https:\/\/davidskitchen.hu\/wp-content\/uploads\/2026\/04\/4-same-both-languages-scaled.webp\" class=\"attachment-full size-full wp-image-1105\" alt=\"\" srcset=\"https:\/\/davidskitchen.hu\/wp-content\/uploads\/2026\/04\/4-same-both-languages-scaled.webp 1707w, https:\/\/davidskitchen.hu\/wp-content\/uploads\/2026\/04\/4-same-both-languages-200x300.webp 200w, https:\/\/davidskitchen.hu\/wp-content\/uploads\/2026\/04\/4-same-both-languages-683x1024.webp 683w, https:\/\/davidskitchen.hu\/wp-content\/uploads\/2026\/04\/4-same-both-languages-768x1152.webp 768w, https:\/\/davidskitchen.hu\/wp-content\/uploads\/2026\/04\/4-same-both-languages-1024x1536.webp 1024w, https:\/\/davidskitchen.hu\/wp-content\/uploads\/2026\/04\/4-same-both-languages-1365x2048.webp 1365w, https:\/\/davidskitchen.hu\/wp-content\/uploads\/2026\/04\/4-same-both-languages-8x12.webp 8w\" sizes=\"(max-width: 1707px) 100vw, 1707px\" \/>\t\t\t\t\t\t\t\t\t\t\t\t\t\t\t<\/div>\n\t\t\t\t<\/div>\n\t\t\t\t<\/div>\n\t\t<div class=\"elementor-element elementor-element-5cdc72e e-con-full e-flex e-con e-child\" data-id=\"5cdc72e\" data-element_type=\"container\" data-e-type=\"container\">\n\t\t<div class=\"elementor-element elementor-element-7a739a8 e-con-full e-flex e-con e-child\" data-id=\"7a739a8\" data-element_type=\"container\" data-e-type=\"container\">\n\t\t\t\t<div class=\"elementor-element elementor-element-5ecd7d7 elementor-widget elementor-widget-image\" data-id=\"5ecd7d7\" data-element_type=\"widget\" data-e-type=\"widget\" data-widget_type=\"image.default\">\n\t\t\t\t\t\t\t\t\t\t\t\t\t\t\t<img loading=\"lazy\" decoding=\"async\" width=\"1707\" height=\"2560\" src=\"https:\/\/davidskitchen.hu\/wp-content\/uploads\/2026\/04\/5-hun-scaled.webp\" class=\"attachment-full size-full wp-image-1106\" alt=\"\" srcset=\"https:\/\/davidskitchen.hu\/wp-content\/uploads\/2026\/04\/5-hun-scaled.webp 1707w, https:\/\/davidskitchen.hu\/wp-content\/uploads\/2026\/04\/5-hun-200x300.webp 200w, https:\/\/davidskitchen.hu\/wp-content\/uploads\/2026\/04\/5-hun-683x1024.webp 683w, https:\/\/davidskitchen.hu\/wp-content\/uploads\/2026\/04\/5-hun-768x1152.webp 768w, https:\/\/davidskitchen.hu\/wp-content\/uploads\/2026\/04\/5-hun-1024x1536.webp 1024w, https:\/\/davidskitchen.hu\/wp-content\/uploads\/2026\/04\/5-hun-1365x2048.webp 1365w, https:\/\/davidskitchen.hu\/wp-content\/uploads\/2026\/04\/5-hun-8x12.webp 8w\" sizes=\"(max-width: 1707px) 100vw, 1707px\" \/>\t\t\t\t\t\t\t\t\t\t\t\t\t\t\t<\/div>\n\t\t\t\t<\/div>\n\t\t\t\t<\/div>\n\t\t<div class=\"elementor-element elementor-element-a4ff3fa e-con-full e-flex e-con e-child\" data-id=\"a4ff3fa\" data-element_type=\"container\" data-e-type=\"container\">\n\t\t<div class=\"elementor-element elementor-element-c285d6c e-con-full e-flex e-con e-child\" data-id=\"c285d6c\" data-element_type=\"container\" data-e-type=\"container\">\n\t\t\t\t<div class=\"elementor-element elementor-element-c980909 elementor-widget elementor-widget-image\" data-id=\"c980909\" data-element_type=\"widget\" data-e-type=\"widget\" data-widget_type=\"image.default\">\n\t\t\t\t\t\t\t\t\t\t\t\t\t\t\t<img loading=\"lazy\" decoding=\"async\" width=\"1707\" height=\"2560\" src=\"https:\/\/davidskitchen.hu\/wp-content\/uploads\/2026\/04\/6-hun-scaled.webp\" class=\"attachment-full size-full wp-image-1108\" alt=\"\" srcset=\"https:\/\/davidskitchen.hu\/wp-content\/uploads\/2026\/04\/6-hun-scaled.webp 1707w, https:\/\/davidskitchen.hu\/wp-content\/uploads\/2026\/04\/6-hun-200x300.webp 200w, https:\/\/davidskitchen.hu\/wp-content\/uploads\/2026\/04\/6-hun-683x1024.webp 683w, https:\/\/davidskitchen.hu\/wp-content\/uploads\/2026\/04\/6-hun-768x1152.webp 768w, https:\/\/davidskitchen.hu\/wp-content\/uploads\/2026\/04\/6-hun-1024x1536.webp 1024w, https:\/\/davidskitchen.hu\/wp-content\/uploads\/2026\/04\/6-hun-1365x2048.webp 1365w, https:\/\/davidskitchen.hu\/wp-content\/uploads\/2026\/04\/6-hun-8x12.webp 8w\" sizes=\"(max-width: 1707px) 100vw, 1707px\" \/>\t\t\t\t\t\t\t\t\t\t\t\t\t\t\t<\/div>\n\t\t\t\t<\/div>\n\t\t\t\t<\/div>\n\t\t<div class=\"elementor-element elementor-element-b41f4ca e-con-full e-flex e-con e-child\" data-id=\"b41f4ca\" data-element_type=\"container\" data-e-type=\"container\">\n\t\t<div class=\"elementor-element elementor-element-92425f8 e-con-full e-flex e-con e-child\" data-id=\"92425f8\" data-element_type=\"container\" data-e-type=\"container\">\n\t\t\t\t<div class=\"elementor-element elementor-element-6cb59a1 elementor-widget elementor-widget-image\" data-id=\"6cb59a1\" data-element_type=\"widget\" data-e-type=\"widget\" data-widget_type=\"image.default\">\n\t\t\t\t\t\t\t\t\t\t\t\t\t\t\t<img loading=\"lazy\" decoding=\"async\" width=\"1707\" height=\"2560\" src=\"https:\/\/davidskitchen.hu\/wp-content\/uploads\/2026\/04\/7-same-in-both-languages-scaled.webp\" class=\"attachment-full size-full wp-image-1110\" alt=\"\" srcset=\"https:\/\/davidskitchen.hu\/wp-content\/uploads\/2026\/04\/7-same-in-both-languages-scaled.webp 1707w, https:\/\/davidskitchen.hu\/wp-content\/uploads\/2026\/04\/7-same-in-both-languages-200x300.webp 200w, https:\/\/davidskitchen.hu\/wp-content\/uploads\/2026\/04\/7-same-in-both-languages-683x1024.webp 683w, https:\/\/davidskitchen.hu\/wp-content\/uploads\/2026\/04\/7-same-in-both-languages-768x1152.webp 768w, https:\/\/davidskitchen.hu\/wp-content\/uploads\/2026\/04\/7-same-in-both-languages-1024x1536.webp 1024w, https:\/\/davidskitchen.hu\/wp-content\/uploads\/2026\/04\/7-same-in-both-languages-1365x2048.webp 1365w, https:\/\/davidskitchen.hu\/wp-content\/uploads\/2026\/04\/7-same-in-both-languages-8x12.webp 8w\" sizes=\"(max-width: 1707px) 100vw, 1707px\" \/>\t\t\t\t\t\t\t\t\t\t\t\t\t\t\t<\/div>\n\t\t\t\t<\/div>\n\t\t\t\t<\/div>\n\t\t<div class=\"elementor-element elementor-element-9d8a874 e-con-full e-flex e-con e-child\" data-id=\"9d8a874\" data-element_type=\"container\" data-e-type=\"container\">\n\t\t<div class=\"elementor-element elementor-element-cfcb231 e-con-full e-flex e-con e-child\" data-id=\"cfcb231\" data-element_type=\"container\" data-e-type=\"container\">\n\t\t\t\t<div class=\"elementor-element elementor-element-68a27a5 elementor-widget elementor-widget-image\" data-id=\"68a27a5\" data-element_type=\"widget\" data-e-type=\"widget\" data-widget_type=\"image.default\">\n\t\t\t\t\t\t\t\t\t\t\t\t\t\t\t<img loading=\"lazy\" decoding=\"async\" width=\"1707\" height=\"2560\" src=\"https:\/\/davidskitchen.hu\/wp-content\/uploads\/2026\/04\/8-hun-scaled.webp\" class=\"attachment-full size-full wp-image-1111\" alt=\"\" srcset=\"https:\/\/davidskitchen.hu\/wp-content\/uploads\/2026\/04\/8-hun-scaled.webp 1707w, https:\/\/davidskitchen.hu\/wp-content\/uploads\/2026\/04\/8-hun-200x300.webp 200w, https:\/\/davidskitchen.hu\/wp-content\/uploads\/2026\/04\/8-hun-683x1024.webp 683w, https:\/\/davidskitchen.hu\/wp-content\/uploads\/2026\/04\/8-hun-768x1152.webp 768w, https:\/\/davidskitchen.hu\/wp-content\/uploads\/2026\/04\/8-hun-1024x1536.webp 1024w, https:\/\/davidskitchen.hu\/wp-content\/uploads\/2026\/04\/8-hun-1365x2048.webp 1365w, https:\/\/davidskitchen.hu\/wp-content\/uploads\/2026\/04\/8-hun-8x12.webp 8w\" sizes=\"(max-width: 1707px) 100vw, 1707px\" \/>\t\t\t\t\t\t\t\t\t\t\t\t\t\t\t<\/div>\n\t\t\t\t<\/div>\n\t\t\t\t<\/div>\n\t\t<div class=\"elementor-element elementor-element-56a4e5c e-con-full e-flex e-con e-child\" data-id=\"56a4e5c\" data-element_type=\"container\" data-e-type=\"container\">\n\t\t<div class=\"elementor-element elementor-element-e7476d3 e-con-full e-flex e-con e-child\" data-id=\"e7476d3\" data-element_type=\"container\" data-e-type=\"container\">\n\t\t\t\t<div class=\"elementor-element elementor-element-09a7170 elementor-widget elementor-widget-image\" data-id=\"09a7170\" data-element_type=\"widget\" data-e-type=\"widget\" data-widget_type=\"image.default\">\n\t\t\t\t\t\t\t\t\t\t\t\t\t\t\t<img loading=\"lazy\" decoding=\"async\" width=\"1707\" height=\"2560\" src=\"https:\/\/davidskitchen.hu\/wp-content\/uploads\/2026\/04\/9-same-in-both-languages-scaled.webp\" class=\"attachment-full size-full wp-image-1113\" alt=\"\" srcset=\"https:\/\/davidskitchen.hu\/wp-content\/uploads\/2026\/04\/9-same-in-both-languages-scaled.webp 1707w, https:\/\/davidskitchen.hu\/wp-content\/uploads\/2026\/04\/9-same-in-both-languages-200x300.webp 200w, https:\/\/davidskitchen.hu\/wp-content\/uploads\/2026\/04\/9-same-in-both-languages-683x1024.webp 683w, https:\/\/davidskitchen.hu\/wp-content\/uploads\/2026\/04\/9-same-in-both-languages-768x1152.webp 768w, https:\/\/davidskitchen.hu\/wp-content\/uploads\/2026\/04\/9-same-in-both-languages-1024x1536.webp 1024w, https:\/\/davidskitchen.hu\/wp-content\/uploads\/2026\/04\/9-same-in-both-languages-1365x2048.webp 1365w, https:\/\/davidskitchen.hu\/wp-content\/uploads\/2026\/04\/9-same-in-both-languages-8x12.webp 8w\" sizes=\"(max-width: 1707px) 100vw, 1707px\" \/>\t\t\t\t\t\t\t\t\t\t\t\t\t\t\t<\/div>\n\t\t\t\t<\/div>\n\t\t\t\t<\/div>\n\t\t<div class=\"elementor-element elementor-element-ac4da3a e-con-full e-flex e-con e-child\" data-id=\"ac4da3a\" data-element_type=\"container\" data-e-type=\"container\">\n\t\t<div class=\"elementor-element elementor-element-809d097 e-con-full e-flex e-con e-child\" data-id=\"809d097\" data-element_type=\"container\" data-e-type=\"container\">\n\t\t\t\t<div class=\"elementor-element elementor-element-4d19c30 elementor-widget elementor-widget-image\" data-id=\"4d19c30\" data-element_type=\"widget\" data-e-type=\"widget\" data-widget_type=\"image.default\">\n\t\t\t\t\t\t\t\t\t\t\t\t\t\t\t<img loading=\"lazy\" decoding=\"async\" width=\"1707\" height=\"2560\" src=\"https:\/\/davidskitchen.hu\/wp-content\/uploads\/2026\/04\/10-hun-scaled.webp\" class=\"attachment-full size-full wp-image-1114\" alt=\"\" srcset=\"https:\/\/davidskitchen.hu\/wp-content\/uploads\/2026\/04\/10-hun-scaled.webp 1707w, https:\/\/davidskitchen.hu\/wp-content\/uploads\/2026\/04\/10-hun-200x300.webp 200w, https:\/\/davidskitchen.hu\/wp-content\/uploads\/2026\/04\/10-hun-683x1024.webp 683w, https:\/\/davidskitchen.hu\/wp-content\/uploads\/2026\/04\/10-hun-768x1152.webp 768w, https:\/\/davidskitchen.hu\/wp-content\/uploads\/2026\/04\/10-hun-1024x1536.webp 1024w, https:\/\/davidskitchen.hu\/wp-content\/uploads\/2026\/04\/10-hun-1365x2048.webp 1365w, https:\/\/davidskitchen.hu\/wp-content\/uploads\/2026\/04\/10-hun-8x12.webp 8w\" sizes=\"(max-width: 1707px) 100vw, 1707px\" \/>\t\t\t\t\t\t\t\t\t\t\t\t\t\t\t<\/div>\n\t\t\t\t<\/div>\n\t\t\t\t<\/div>\n\t\t\t\t<\/div>\n\t\t\t\t<\/div>\n\t\t<div class=\"elementor-element elementor-element-70eb0f9 e-con-full e-flex e-con e-child\" data-id=\"70eb0f9\" data-element_type=\"container\" data-e-type=\"container\">\n\t\t\t\t<div class=\"elementor-element elementor-element-e2547a1 elementor-widget__width-initial elementor-widget elementor-widget-text-editor\" data-id=\"e2547a1\" data-element_type=\"widget\" data-e-type=\"widget\" data-widget_type=\"text-editor.default\">\n\t\t\t\t\t\t\t\t\t<p>MINDEN KENYER\u00dcNK KOV\u00c1SSZAL K\u00c9SZ\u00dcL<img decoding=\"async\" style=\"width: 10%; max-width: 25px;\" src=\"https:\/\/davidskitchen.hu\/wp-content\/uploads\/2026\/05\/flexing-arm-white.png\" \/>. A BRUNCH KAJ\u00c1INK EG\u00c9SZ NAP EL\u00c9RHET\u0150K, LAKTAT\u00d3K, EG\u00c9SZS\u00c9GESEK, \u00c9S SZEZON SZERINT V\u00c1LTOZNAK. LESS R\u00c1 A VITRINRE, TELE VAN MINDENF\u00c9LE \u00c9DESS\u00c9GGEL \u2013 FRANCIA, AMERIKAI \u00c9S K\u00d6ZEL-KELETI \u00cdZEK J\u00d3 KIS KEVER\u00c9KE, K\u00dcL\u00d6NB\u00d6Z\u0150 TEXT\u00daR\u00c1KKAL.<\/p>\t\t\t\t\t\t\t\t<\/div>\n\t\t\t\t<\/div>\n\t\t<div class=\"elementor-element elementor-element-9650012 e-con-full e-flex e-con e-child\" data-id=\"9650012\" data-element_type=\"container\" data-e-type=\"container\">\n\t\t\t\t<div class=\"elementor-element elementor-element-f4d399b elementor-widget elementor-widget-image\" data-id=\"f4d399b\" data-element_type=\"widget\" data-e-type=\"widget\" data-widget_type=\"image.default\">\n\t\t\t\t\t\t\t\t\t\t\t\t\t\t\t<img loading=\"lazy\" decoding=\"async\" width=\"1810\" height=\"2560\" src=\"https:\/\/davidskitchen.hu\/wp-content\/uploads\/2026\/05\/menu-hungarian-scaled.webp\" class=\"attachment-full size-full wp-image-1446\" alt=\"\" srcset=\"https:\/\/davidskitchen.hu\/wp-content\/uploads\/2026\/05\/menu-hungarian-scaled.webp 1810w, https:\/\/davidskitchen.hu\/wp-content\/uploads\/2026\/05\/menu-hungarian-212x300.webp 212w, https:\/\/davidskitchen.hu\/wp-content\/uploads\/2026\/05\/menu-hungarian-724x1024.webp 724w, https:\/\/davidskitchen.hu\/wp-content\/uploads\/2026\/05\/menu-hungarian-768x1086.webp 768w, https:\/\/davidskitchen.hu\/wp-content\/uploads\/2026\/05\/menu-hungarian-1086x1536.webp 1086w, https:\/\/davidskitchen.hu\/wp-content\/uploads\/2026\/05\/menu-hungarian-1448x2048.webp 1448w, https:\/\/davidskitchen.hu\/wp-content\/uploads\/2026\/05\/menu-hungarian-8x12.webp 8w\" sizes=\"(max-width: 1810px) 100vw, 1810px\" \/>\t\t\t\t\t\t\t\t\t\t\t\t\t\t\t<\/div>\n\t\t\t\t<\/div>\n\t\t\t\t\t<\/div>\n\t\t\t\t<\/div>\n\t\t\t\t<\/div>","protected":false},"excerpt":{"rendered":"<p>MINDEN KENYER\u00dcNK KOV\u00c1SSZAL K\u00c9SZ\u00dcL. A BRUNCH KAJ\u00c1INK EG\u00c9SZ NAP EL\u00c9RHET\u0150K, LAKTAT\u00d3K, EG\u00c9SZS\u00c9GESEK, \u00c9S SZEZON SZERINT V\u00c1LTOZNAK. LESS R\u00c1 A VITRINRE, TELE VAN MINDENF\u00c9LE \u00c9DESS\u00c9GGEL \u2013 FRANCIA, AMERIKAI \u00c9S K\u00d6ZEL-KELETI \u00cdZEK J\u00d3 KIS KEVER\u00c9KE, K\u00dcL\u00d6NB\u00d6Z\u0150 TEXT\u00daR\u00c1KKAL.<\/p>","protected":false},"author":2,"featured_media":0,"parent":0,"menu_order":0,"comment_status":"closed","ping_status":"closed","template":"elementor_header_footer","meta":{"footnotes":""},"class_list":["post-1973","page","type-page","status-publish","hentry"],"_links":{"self":[{"href":"https:\/\/davidskitchen.hu\/hu\/wp-json\/wp\/v2\/pages\/1973","targetHints":{"allow":["GET"]}}],"collection":[{"href":"https:\/\/davidskitchen.hu\/hu\/wp-json\/wp\/v2\/pages"}],"about":[{"href":"https:\/\/davidskitchen.hu\/hu\/wp-json\/wp\/v2\/types\/page"}],"author":[{"embeddable":true,"href":"https:\/\/davidskitchen.hu\/hu\/wp-json\/wp\/v2\/users\/2"}],"replies":[{"embeddable":true,"href":"https:\/\/davidskitchen.hu\/hu\/wp-json\/wp\/v2\/comments?post=1973"}],"version-history":[{"count":16,"href":"https:\/\/davidskitchen.hu\/hu\/wp-json\/wp\/v2\/pages\/1973\/revisions"}],"predecessor-version":[{"id":2007,"href":"https:\/\/davidskitchen.hu\/hu\/wp-json\/wp\/v2\/pages\/1973\/revisions\/2007"}],"wp:attachment":[{"href":"https:\/\/davidskitchen.hu\/hu\/wp-json\/wp\/v2\/media?parent=1973"}],"curies":[{"name":"wp","href":"https:\/\/api.w.org\/{rel}","templated":true}]}}