{"id":1742,"date":"2026-05-04T15:05:33","date_gmt":"2026-05-04T15:05:33","guid":{"rendered":"https:\/\/davidskitchen.hu\/?page_id=1742"},"modified":"2026-05-04T15:20:18","modified_gmt":"2026-05-04T15:20:18","slug":"leora","status":"publish","type":"page","link":"https:\/\/davidskitchen.hu\/hu\/leora\/","title":{"rendered":"leora"},"content":{"rendered":"<div data-elementor-type=\"wp-page\" data-elementor-id=\"1742\" class=\"elementor elementor-1742\" data-elementor-post-type=\"page\">\n\t\t\t\t<div class=\"elementor-element elementor-element-370641f e-flex e-con-boxed e-con e-parent\" data-id=\"370641f\" data-element_type=\"container\" data-e-type=\"container\">\n\t\t\t\t\t<div class=\"e-con-inner\">\n\t\t\t\t<div class=\"elementor-element elementor-element-584e559 elementor-widget elementor-widget-image\" data-id=\"584e559\" data-element_type=\"widget\" data-e-type=\"widget\" data-widget_type=\"image.default\">\n\t\t\t\t\t\t\t\t\t\t\t\t\t\t\t<img fetchpriority=\"high\" decoding=\"async\" width=\"1200\" height=\"438\" src=\"https:\/\/davidskitchen.hu\/wp-content\/uploads\/2026\/04\/logow.avif\" class=\"attachment-full size-full wp-image-781\" alt=\"\" srcset=\"https:\/\/davidskitchen.hu\/wp-content\/uploads\/2026\/04\/logow.avif 1200w, https:\/\/davidskitchen.hu\/wp-content\/uploads\/2026\/04\/logow-300x110.avif 300w, https:\/\/davidskitchen.hu\/wp-content\/uploads\/2026\/04\/logow-1024x374.avif 1024w, https:\/\/davidskitchen.hu\/wp-content\/uploads\/2026\/04\/logow-768x280.avif 768w\" sizes=\"(max-width: 1200px) 100vw, 1200px\" \/>\t\t\t\t\t\t\t\t\t\t\t\t\t\t\t<\/div>\n\t\t\t\t<div class=\"elementor-element elementor-element-b952dac elementor-widget__width-initial elementor-widget-tablet__width-inherit elementor-widget elementor-widget-text-editor\" data-id=\"b952dac\" data-element_type=\"widget\" data-e-type=\"widget\" data-widget_type=\"text-editor.default\">\n\t\t\t\t\t\t\t\t\t<p>MY FAVORITE THINGS TO DO IN BUDAPEST \u2013 RECOMMENDED BY LIORA<\/p><p>START THE DAY AT MATIN\u00c9 COFFEE SHOP, A FORMER NEIGHBORHOOD FAVORITE SET AMONG SOME OF THE LOVELIEST TREES IN THE CITY.<\/p><p>FROM THERE, TAKE A WALK ALONG BENCZ\u00daR STREET, CONSIDERED BY MANY LOCALS TO BE ONE OF BUDAPEST\u2019S MOST BEAUTIFUL STREETS. LOCATED IN THE DIPLOMATIC DISTRICT, IT IS LINED WITH ELEGANT HISTORIC VILLAS THAT NOW HOUSE EMBASSIES. CONTINUE STROLLING THROUGH BENCZ\u00daR STREET AND V\u00c1ROSLIGETI FASOR, TAKING TIME TO ADMIRE THE ARCHITECTURE AND THE QUIET CHARM OF THIS REFINED RESIDENTIAL AREA.<\/p><p>THIS WALK NATURALLY LEADS INTO CITY PARK (V\u00c1ROSLIGET), BUDAPEST\u2019S FIRST PUBLIC PARK, CREATED AS A SPACE FOR EVERYONE TO ENJOY. WANDER AMONG PROTECTED OLD TREES, VISIT THE MUSEUM OF ETHNOGRAPHY, AND WALK ON ITS ROOFTOP FOR A UNIQUE CITY VIEW. DO NOT MISS THE HOUSE OF HUNGARIAN MUSIC\u2014AN AWARD-WINNING ARCHITECTURAL LANDMARK THAT REGULARLY HOSTS ENGAGING PROGRAMS AND EVENTS.<\/p><p>NEXT, TAKE METRO LINE 1, THE SECOND-OLDEST METRO LINE IN EUROPE, TO V\u00d6R\u00d6SMARTY SQUARE. FROM THERE, STOP BY GRESHAM PALACE, HOME TO THE FOUR SEASONS HOTEL, AND STEP INSIDE FOR A DRINK IN WHAT IS ARGUABLY THE MOST BEAUTIFUL LOBBY IN BUDAPEST.<\/p><p>CONTINUE ON FOOT THROUGH THE 5TH DISTRICT TOWARD FALK MIKSA STREET, WELL KNOWN FOR ITS ANTIQUE SHOPS AND ART GALLERIES. LATER, HOP ON TRAM 2 FOR ONE OF THE MOST SCENIC RIDES IN THE CITY, RUNNING ALONG THE DANUBE WITH UNINTERRUPTED VIEWS OF THE BUDA CASTLE.<\/p><p>END THE AFTERNOON AT ERZS\u00c9BET SQUARE, THEN CROSS THE LIBERTY BRIDGE (SZABADS\u00c1G H\u00cdD) TO REACH THE GELL\u00c9RT OUTDOOR SWIMMING POOL\u2014AN IDEAL SPOT TO RELAX UNDER OLD TREES WITH A GOOD BOOK.<\/p><p>FOR DINNER, MESHUGA IS AN EXCELLENT CHOICE FOR MODERN MIDDLE EASTERN CUISINE, WHILE SUSHI OCEAN IS A RELIABLE OPTION FOR FRESH, HIGH-QUALITY SUSHI.<\/p><p>FAVORITE SHOPPING SPOTS<\/p><p>CLOTHES &amp; FASHION<br \/>NANUSHKA \u2013 A BUDAPEST-BORN FASHION BRAND OFFERING STYLISH, CONTEMPORARY, AND DISTINCTIVE DESIGNER CLOTHING AND ACCESSORIES. THE FLAGSHIP BOUTIQUE IS BEAUTIFULLY CURATED AND INCLUDES A CAF\u00c9 SPACE.<br \/>SHOP &amp; INFO: <span style=\"text-decoration: underline;\"><span style=\"color: #ffffff;\"><a style=\"color: #ffffff;\" href=\"HTTPS:\/\/WWW.NANUSHKA.COM\" target=\"_blank\" rel=\"noopener\">HTTPS:\/\/WWW.NANUSHKA.COM<\/a><\/span><\/span><\/p><p>PAPER GOODS &amp; STATIONERY<br \/>BOMO ART BUDAPEST (PEST &amp; BUDA) \u2013 CHARMING STATIONERY STORES FEATURING FINE PAPER GOODS, JOURNALS, DIARIES, ARTISTIC WRITING TOOLS, POSTCARDS, WRAPPING PAPER, AND MORE. IDEAL FOR GIFTS OR MEANINGFUL KEEPSAKES.<br \/>WEBSITE: <span style=\"text-decoration: underline;\"><span style=\"color: #ffffff;\"><a style=\"color: #ffffff; text-decoration: underline;\" href=\"HTTPS:\/\/WWW.BOMOART.HU\/\" target=\"_blank\" rel=\"noopener\">HTTPS:\/\/WWW.BOMOART.HU\/<\/a><\/span><\/span><\/p><p>HOME &amp; BEAUTIFUL GOODS<br \/>PAUZA \u2013 A THOUGHTFULLY CURATED SHOP OFFERING HOME D\u00c9COR AND LIFESTYLE ITEMS WITH ELEGANT DESIGN, PERFECT FOR UNIQUE GIFTS OR TIMELESS HOME ACCESSORIES.<br \/>WEBSITE: <span style=\"text-decoration: underline;\"><span style=\"color: #ffffff;\"><a style=\"color: #ffffff; text-decoration: underline;\" href=\"https:\/\/onthegrid.city\/budapest\/downtown\/pauza\" target=\"_blank\" rel=\"noopener\">HTTP:\/\/WWW.PAUZA.HU\/<\/a><\/span><\/span><\/p>\t\t\t\t\t\t\t\t<\/div>\n\t\t\t\t\t<\/div>\n\t\t\t\t<\/div>\n\t\t\t\t<\/div>","protected":false},"excerpt":{"rendered":"<p>MY FAVORITE THINGS TO DO IN BUDAPEST \u2013 RECOMMENDED BY LIORA START THE DAY AT MATIN\u00c9 COFFEE SHOP, A FORMER NEIGHBORHOOD FAVORITE SET AMONG SOME OF THE LOVELIEST TREES IN THE CITY. FROM THERE, TAKE A WALK ALONG BENCZ\u00daR STREET, CONSIDERED BY MANY LOCALS TO BE ONE OF BUDAPEST\u2019S MOST BEAUTIFUL STREETS. LOCATED IN THE [&hellip;]<\/p>\n","protected":false},"author":2,"featured_media":0,"parent":0,"menu_order":0,"comment_status":"closed","ping_status":"closed","template":"elementor_canvas","meta":{"footnotes":""},"class_list":["post-1742","page","type-page","status-publish","hentry"],"_links":{"self":[{"href":"https:\/\/davidskitchen.hu\/hu\/wp-json\/wp\/v2\/pages\/1742","targetHints":{"allow":["GET"]}}],"collection":[{"href":"https:\/\/davidskitchen.hu\/hu\/wp-json\/wp\/v2\/pages"}],"about":[{"href":"https:\/\/davidskitchen.hu\/hu\/wp-json\/wp\/v2\/types\/page"}],"author":[{"embeddable":true,"href":"https:\/\/davidskitchen.hu\/hu\/wp-json\/wp\/v2\/users\/2"}],"replies":[{"embeddable":true,"href":"https:\/\/davidskitchen.hu\/hu\/wp-json\/wp\/v2\/comments?post=1742"}],"version-history":[{"count":0,"href":"https:\/\/davidskitchen.hu\/hu\/wp-json\/wp\/v2\/pages\/1742\/revisions"}],"wp:attachment":[{"href":"https:\/\/davidskitchen.hu\/hu\/wp-json\/wp\/v2\/media?parent=1742"}],"curies":[{"name":"wp","href":"https:\/\/api.w.org\/{rel}","templated":true}]}}