{"id":1723,"date":"2026-05-04T14:58:05","date_gmt":"2026-05-04T14:58:05","guid":{"rendered":"https:\/\/davidskitchen.hu\/?page_id=1723"},"modified":"2026-05-04T15:14:32","modified_gmt":"2026-05-04T15:14:32","slug":"david","status":"publish","type":"page","link":"https:\/\/davidskitchen.hu\/hu\/david\/","title":{"rendered":"David"},"content":{"rendered":"<div data-elementor-type=\"wp-page\" data-elementor-id=\"1723\" class=\"elementor elementor-1723\" data-elementor-post-type=\"page\">\n\t\t\t\t<div class=\"elementor-element elementor-element-370641f e-flex e-con-boxed e-con e-parent\" data-id=\"370641f\" data-element_type=\"container\" data-e-type=\"container\">\n\t\t\t\t\t<div class=\"e-con-inner\">\n\t\t\t\t<div class=\"elementor-element elementor-element-584e559 elementor-widget elementor-widget-image\" data-id=\"584e559\" data-element_type=\"widget\" data-e-type=\"widget\" data-widget_type=\"image.default\">\n\t\t\t\t\t\t\t\t\t\t\t\t\t\t\t<img fetchpriority=\"high\" decoding=\"async\" width=\"1200\" height=\"438\" src=\"https:\/\/davidskitchen.hu\/wp-content\/uploads\/2026\/04\/logow.avif\" class=\"attachment-full size-full wp-image-781\" alt=\"\" srcset=\"https:\/\/davidskitchen.hu\/wp-content\/uploads\/2026\/04\/logow.avif 1200w, https:\/\/davidskitchen.hu\/wp-content\/uploads\/2026\/04\/logow-300x110.avif 300w, https:\/\/davidskitchen.hu\/wp-content\/uploads\/2026\/04\/logow-1024x374.avif 1024w, https:\/\/davidskitchen.hu\/wp-content\/uploads\/2026\/04\/logow-768x280.avif 768w\" sizes=\"(max-width: 1200px) 100vw, 1200px\" \/>\t\t\t\t\t\t\t\t\t\t\t\t\t\t\t<\/div>\n\t\t\t\t<div class=\"elementor-element elementor-element-b952dac elementor-widget__width-initial elementor-widget-tablet__width-initial elementor-widget elementor-widget-text-editor\" data-id=\"b952dac\" data-element_type=\"widget\" data-e-type=\"widget\" data-widget_type=\"text-editor.default\">\n\t\t\t\t\t\t\t\t\t<p>A DAY IN BUDAPEST \u2013 RECOMMENDED BY DAVID<\/p><p>BEGIN THE DAY WITH A RELAXING VISIT TO ONE OF BUDAPEST\u2019S ICONIC TURKISH THERMAL BATHS. START ON THE PEST SIDE AND TAKE A LEISURELY WALK ACROSS THE ELIZABETH BRIDGE, ENJOYING PANORAMIC VIEWS OF GELL\u00c9RT HILL AND THE CASTLE DISTRICT. JUST ON THE BUDA SIDE OF THE BRIDGE LIES RUDAS THERMAL BATH, WHERE A FEW UNHURRIED HOURS IN THE HISTORIC POOLS SET AN IDEAL TONE FOR THE DAY.<\/p><p>AFTER YOUR BATH, HEAD TO CAPHE BY HAI NAM FOR A VIETNAMESE-INSPIRED BRUNCH. THE CAF\u00c9 IS A SHORT WALK ALONG BART\u00d3K B\u00c9LA \u00daT, A CHARMING BOULEVARD KNOWN FOR ITS GALLERIES, CAF\u00c9S, AND SMALL BOUTIQUE SHOPS. THE WALK ITSELF IS PART OF THE EXPERIENCE, THOUGH THE AREA IS ALSO EASILY ACCESSIBLE BY TRAM OR BUS.<\/p><p>FROM THERE, CONTINUE TOWARD V\u00c1RKERT BAZ\u00c1R, LOCATED BELOW THE CASTLE DISTRICT BETWEEN THE ELIZABETH AND CHAIN BRIDGES. THE AREA OFFERS BEAUTIFUL VIEWS ACROSS THE DANUBE TOWARD PEST AND IS IDEAL FOR A RELAXED STROLL. MAKE YOUR WAY TOWARD THE CHAIN BRIDGE TO RETURN TO PEST, AND CONSIDER STOPPING AT ZHAO ZHOU, WIDELY REGARDED AS THE CITY\u2019S BEST TEA HOUSE, OR BORT\u00c1RSAS\u00c1G, AN EXCELLENT PLACE TO EXPLORE HUNGARIAN WINES.<\/p><p>FOR DINNER, THOSE INTERESTED IN TRADITIONAL HUNGARIAN CUISINE SHOULD VISIT ROSENSTEIN RESTAURANT, NOW RUN BY THE SECOND GENERATION OF THE ROSENSTEIN FAMILY, LED BY ROBI AND HIS TEAM. FOR A LIGHTER OPTION, GOLI\u2014RUN BY PETRA AND P\u00c9TER\u2014OFFERS SEASONAL, FLAVORFUL, AND WHOLESOME MIDDLE EASTERN DISHES.<\/p>\t\t\t\t\t\t\t\t<\/div>\n\t\t\t\t\t<\/div>\n\t\t\t\t<\/div>\n\t\t\t\t<\/div>","protected":false},"excerpt":{"rendered":"<p>A DAY IN BUDAPEST \u2013 RECOMMENDED BY DAVID BEGIN THE DAY WITH A RELAXING VISIT TO ONE OF BUDAPEST\u2019S ICONIC TURKISH THERMAL BATHS. START ON THE PEST SIDE AND TAKE A LEISURELY WALK ACROSS THE ELIZABETH BRIDGE, ENJOYING PANORAMIC VIEWS OF GELL\u00c9RT HILL AND THE CASTLE DISTRICT. JUST ON THE BUDA SIDE OF THE BRIDGE [&hellip;]<\/p>\n","protected":false},"author":2,"featured_media":0,"parent":0,"menu_order":0,"comment_status":"closed","ping_status":"closed","template":"elementor_canvas","meta":{"footnotes":""},"class_list":["post-1723","page","type-page","status-publish","hentry"],"_links":{"self":[{"href":"https:\/\/davidskitchen.hu\/hu\/wp-json\/wp\/v2\/pages\/1723","targetHints":{"allow":["GET"]}}],"collection":[{"href":"https:\/\/davidskitchen.hu\/hu\/wp-json\/wp\/v2\/pages"}],"about":[{"href":"https:\/\/davidskitchen.hu\/hu\/wp-json\/wp\/v2\/types\/page"}],"author":[{"embeddable":true,"href":"https:\/\/davidskitchen.hu\/hu\/wp-json\/wp\/v2\/users\/2"}],"replies":[{"embeddable":true,"href":"https:\/\/davidskitchen.hu\/hu\/wp-json\/wp\/v2\/comments?post=1723"}],"version-history":[{"count":0,"href":"https:\/\/davidskitchen.hu\/hu\/wp-json\/wp\/v2\/pages\/1723\/revisions"}],"wp:attachment":[{"href":"https:\/\/davidskitchen.hu\/hu\/wp-json\/wp\/v2\/media?parent=1723"}],"curies":[{"name":"wp","href":"https:\/\/api.w.org\/{rel}","templated":true}]}}